{"id":21,"date":"2018-07-30T11:08:24","date_gmt":"2018-07-30T11:08:24","guid":{"rendered":"http:\/\/lemonplaza.pl\/?page_id=21"},"modified":"2020-05-26T18:26:51","modified_gmt":"2020-05-26T18:26:51","slug":"kontakt","status":"publish","type":"page","link":"https:\/\/lemonplaza.pl\/en\/kontakt\/","title":{"rendered":"Contact","raw":"Contact"},"content":{"rendered":"<div class=\"col-lg-6 col-md-6 col-sm-12 col-xs-12\">\n<p><img decoding=\"async\" class=\"img-responsive\" src=\"https:\/\/lemonplaza.pl\/wp-content\/themes\/lemon_theme\/img\/rate-us.jpg\" alt=\"hotel lemon plaza\" \/><\/p>\n<h1>Contact Lemon Plaza Hotel Pozna\u0144<\/h1>\n<p>Phone: +48 601 461 602<\/p>\n<p>Email: recepcja@lemonplaza.pl<\/p>\n<p>Dru\u017cbickiego 3, 61-693 Pozna\u0144<\/p>\n<p><strong>Bank:<\/strong><br \/>\nMeritum P. Dzieci\u0105tkowski, R. Kazecki Sp. j., ul. D\u0105browskiego 275, 60-406 Pozna\u0144<br \/>\nBank: 92 1020 4900 0000 8802 3158 9986<\/p>\n<\/div>\n<div class=\"col-lg-6 col-md-6 col-sm-12 col-xs-12\"><div role=\"form\" class=\"wpcf7\" id=\"wpcf7-f215-o2\" lang=\"pl-PL\" dir=\"ltr\">\n<div class=\"screen-reader-response\"><\/div>\n<form action=\"\/en\/wp-json\/wp\/v2\/pages\/21#wpcf7-f215-o2\" method=\"post\" class=\"wpcf7-form\" novalidate=\"novalidate\">\n<div style=\"display: none;\">\n<input type=\"hidden\" name=\"_wpcf7\" value=\"215\" \/>\n<input type=\"hidden\" name=\"_wpcf7_version\" value=\"5.0.4\" \/>\n<input type=\"hidden\" name=\"_wpcf7_locale\" value=\"pl_PL\" \/>\n<input type=\"hidden\" name=\"_wpcf7_unit_tag\" value=\"wpcf7-f215-o2\" \/>\n<input type=\"hidden\" name=\"_wpcf7_container_post\" value=\"0\" \/>\n<\/div>\n<p><label> Name<br \/>\n    <span class=\"wpcf7-form-control-wrap your-name\"><input type=\"text\" name=\"your-name\" value=\"\" size=\"40\" class=\"wpcf7-form-control wpcf7-text wpcf7-validates-as-required form-control\" aria-required=\"true\" aria-invalid=\"false\" \/><\/span> <\/label><\/p>\n<p><label> Phone<br \/>\n    <span class=\"wpcf7-form-control-wrap telefon\"><input type=\"text\" name=\"telefon\" value=\"\" size=\"40\" class=\"wpcf7-form-control wpcf7-text form-control\" aria-invalid=\"false\" \/><\/span> <\/label><\/p>\n<p><label> E-mail<br \/>\n    <span class=\"wpcf7-form-control-wrap your-email\"><input type=\"email\" name=\"your-email\" value=\"\" size=\"40\" class=\"wpcf7-form-control wpcf7-text wpcf7-email wpcf7-validates-as-required wpcf7-validates-as-email form-control\" aria-required=\"true\" aria-invalid=\"false\" \/><\/span> <\/label><\/p>\n<p><label> Subject<br \/>\n    <span class=\"wpcf7-form-control-wrap your-subject\"><input type=\"text\" name=\"your-subject\" value=\"\" size=\"40\" class=\"wpcf7-form-control wpcf7-text form-control\" aria-invalid=\"false\" \/><\/span> <\/label><\/p>\n<p><label> Your Message<br \/>\n    <span class=\"wpcf7-form-control-wrap your-message\"><textarea name=\"your-message\" cols=\"40\" rows=\"10\" class=\"wpcf7-form-control wpcf7-textarea form-control\" aria-invalid=\"false\"><\/textarea><\/span> <\/label><\/p>\n<p><input type=\"submit\" value=\"Send\" class=\"wpcf7-form-control wpcf7-submit btn btn-default\" \/><\/p>\n<div class=\"wpcf7-response-output wpcf7-display-none\"><\/div><\/form><\/div><\/div>\n","protected":false,"raw":"<div class=\"col-lg-6 col-md-6 col-sm-12 col-xs-12\">\r\n\r\n<img class=\"img-responsive\" src=\"https:\/\/lemonplaza.pl\/wp-content\/themes\/lemon_theme\/img\/rate-us.jpg\" alt=\"hotel lemon plaza\" \/>\r\n<h1>Contact Lemon Plaza Hotel Pozna\u0144<\/h1>\r\nPhone: +48 601 461 602\r\n\r\nEmail: recepcja@lemonplaza.pl\r\n\r\nDru\u017cbickiego 3, 61-693 Pozna\u0144\r\n\r\n\r\n<strong>Bank:<\/strong>\r\nMeritum P. Dzieci\u0105tkowski, R. Kazecki Sp. j., ul. D\u0105browskiego 275, 60-406 Pozna\u0144\r\nBank: 92 1020 4900 0000 8802 3158 9986\r\n\r\n\r\n<\/div>\r\n<div class=\"col-lg-6 col-md-6 col-sm-12 col-xs-12\">[contact-form-7 id=\"215\" title=\"kontakt_en\"]<\/div>"},"excerpt":{"rendered":"\n<div class=\"title\">\n<div class=\"text-2\">Contact<\/div>\n<hr>\n<div class=\"text-1\">Welcome<\/div>\n<\/p><\/div>\n<div class=\"content\" style=\"line-height:30px;\">\n\t\t\t\t\tHOTEL <strong>LEMON PLAZA<\/strong><\/p>\n<p><i class=\"fa fa-mobile\" aria-hidden=\"true\"><\/i> +48 <strong> 601 461 602<\/strong><br \/>\n\t\t\t\t\t<br \/><i class=\"fa fa-map-marker\" aria-hidden=\"true\"><\/i> ul. Dru\u017cbickiego 3, 61-693 Pozna\u0144<br \/>\n\t\t\t\t\t<br \/><i class=\"fa fa-envelope\" aria-hidden=\"true\"><\/i>  recepcja@lemonplaza.pl<\/p>\n<p><a href=\"https:\/\/www.facebook.com\/LemonPlazaHotel\/\" rel=\"nofollow\"><i class=\"fa fa-facebook-official\" aria-hidden=\"true\" style=\"font-size:20px;\"><\/i> <strong> Share us on  FB<\/strong><\/a>\n\t\t\t\t<\/div>\n","protected":false,"raw":"\t\t\t\t<div class=\"title\">\r\n\t\t\t\t\t<div class=\"text-2\">Contact<\/div>\r\n\t\t\t\t\t<hr>\r\n\t\t\t\t\t<div class=\"text-1\">Welcome<\/div>\r\n\t\t\t\t<\/div>\r\n\t\t\t\t\r\n\t\t\t\t<div class=\"content\" style=\"line-height:30px;\">\t\t\t\t\t\r\n\t\t\t\t\tHOTEL <strong>LEMON PLAZA<\/strong>\r\n\t\t\t\t\t<br>\r\n\t\t\t\t\t<br><i class=\"fa fa-mobile\" aria-hidden=\"true\"><\/i> +48 <strong> 601 461 602<\/strong>\r\n\t\t\t\t\t<br><i class=\"fa fa-map-marker\" aria-hidden=\"true\"><\/i> ul. Dru\u017cbickiego 3, 61-693 Pozna\u0144\r\n\t\t\t\t\t<br><i class=\"fa fa-envelope\" aria-hidden=\"true\"><\/i>  recepcja@lemonplaza.pl\r\n\r\n\t\t\t\t\t<br>\r\n\t\t\t\t\t\t\t\t\t\t<br><a href=\"https:\/\/www.facebook.com\/LemonPlazaHotel\/\" rel=\"nofollow\"><i class=\"fa fa-facebook-official\" aria-hidden=\"true\" style=\"font-size:20px;\"><\/i> <strong> Share us on  FB<\/strong><\/a>\r\n\t\t\t\t<\/div>"},"author":1,"featured_media":0,"parent":0,"menu_order":0,"comment_status":"closed","ping_status":"closed","template":"page-kontakt.php","meta":{"_pl_post_content":"<div class=\"col-lg-6 col-md-6 col-sm-12 col-xs-12\">\r\n\r\n<iframe src=\"https:\/\/www.google.com\/maps\/embed?pb=!4v1590517414919!6m8!1m7!1sCAoSLEFGMVFpcE9CdXduTlFXSlBpZkU3Y0E5M2hSVWNXZ2FYZ1BfdWZQbmo4QWVW!2m2!1d52.43899015459315!2d16.91849667735021!3f257.71670691467517!4f2.5986263015090856!5f0.7820865974627469\" width=\"550\" height=\"400\" frameborder=\"0\" style=\"border:0;\" allowfullscreen=\"\" aria-hidden=\"false\" tabindex=\"0\"><\/iframe>\r\n<h1>Kontakt Lemon Plaza Hotel Pozna\u0144<\/h1>\r\nTelefon: +48 601 461 602\r\n\r\nEmail: recepcja@lemonplaza.pl\r\n\r\nDru\u017cbickiego 3, 61-693 Pozna\u0144\r\n\r\n<strong>Dane do przelewu:<\/strong>\r\nMeritum P. Dzieci\u0105tkowski, R. Kazecki Sp. j., ul. D\u0105browskiego 275, 60-406 Pozna\u0144\r\nNr konta: 92 1020 4900 0000 8802 3158 9986\r\n\r\n<\/div>\r\n<div class=\"col-lg-6 col-md-6 col-sm-12 col-xs-12\">[contact-form-7 id=\"124\" title=\"kontakt\"]<\/div>","_pl_post_name":"kontakt","_pl_post_excerpt":"\t\t\t\t<div class=\"title\">\r\n\t\t\t\t\t<div class=\"text-2\">Kontakt<\/div>\r\n\t\t\t\t\t<hr>\r\n\t\t\t\t\t<div class=\"text-1\">Zapraszamy<\/div>\r\n\t\t\t\t<\/div>\r\n\t\t\t\t\r\n\t\t\t\t<div class=\"content\" style=\"line-height:30px;\">\t\t\t\t\t\r\n\t\t\t\t\tHOTEL <strong>LEMON PLAZA<\/strong>\r\n\t\t\t\t\t<br>\r\n\t\t\t\t\t<br><i class=\"fa fa-mobile\" aria-hidden=\"true\"><\/i> +48 <strong> 601 461 602<\/strong>\r\n\t\t\t\t\t<br><i class=\"fa fa-map-marker\" aria-hidden=\"true\"><\/i> ul. Dru\u017cbickiego 3, 61-693 Pozna\u0144\r\n\t\t\t\t\t<br><i class=\"fa fa-envelope\" aria-hidden=\"true\"><\/i>  recepcja@lemonplaza.pl\r\n\r\n\t\t\t\t\t<br>\r\n\t\t\t\t\t<br><a href=\"https:\/\/www.facebook.com\/LemonPlazaHotel\/\" rel=\"nofollow\"><i class=\"fa fa-facebook-official\" aria-hidden=\"true\" style=\"font-size:20px;\"><\/i> <strong> Polub nas na FB<\/strong><\/a>\r\n\t\t\t\t<\/div>","_pl_post_title":"Kontakt","_en_post_content":"<div class=\"col-lg-6 col-md-6 col-sm-12 col-xs-12\">\r\n\r\n<img class=\"img-responsive\" src=\"https:\/\/lemonplaza.pl\/wp-content\/themes\/lemon_theme\/img\/rate-us.jpg\" alt=\"hotel lemon plaza\" \/>\r\n<h1>Contact Lemon Plaza Hotel Pozna\u0144<\/h1>\r\nPhone: +48 601 461 602\r\n\r\nEmail: recepcja@lemonplaza.pl\r\n\r\nDru\u017cbickiego 3, 61-693 Pozna\u0144\r\n\r\n\r\n<strong>Bank:<\/strong>\r\nMeritum P. Dzieci\u0105tkowski, R. Kazecki Sp. j., ul. D\u0105browskiego 275, 60-406 Pozna\u0144\r\nBank: 92 1020 4900 0000 8802 3158 9986\r\n\r\n\r\n<\/div>\r\n<div class=\"col-lg-6 col-md-6 col-sm-12 col-xs-12\">[contact-form-7 id=\"215\" title=\"kontakt_en\"]<\/div>","_en_post_name":"kontakt","_en_post_excerpt":"\t\t\t\t<div class=\"title\">\r\n\t\t\t\t\t<div class=\"text-2\">Contact<\/div>\r\n\t\t\t\t\t<hr>\r\n\t\t\t\t\t<div class=\"text-1\">Welcome<\/div>\r\n\t\t\t\t<\/div>\r\n\t\t\t\t\r\n\t\t\t\t<div class=\"content\" style=\"line-height:30px;\">\t\t\t\t\t\r\n\t\t\t\t\tHOTEL <strong>LEMON PLAZA<\/strong>\r\n\t\t\t\t\t<br>\r\n\t\t\t\t\t<br><i class=\"fa fa-mobile\" aria-hidden=\"true\"><\/i> +48 <strong> 601 461 602<\/strong>\r\n\t\t\t\t\t<br><i class=\"fa fa-map-marker\" aria-hidden=\"true\"><\/i> ul. Dru\u017cbickiego 3, 61-693 Pozna\u0144\r\n\t\t\t\t\t<br><i class=\"fa fa-envelope\" aria-hidden=\"true\"><\/i>  recepcja@lemonplaza.pl\r\n\r\n\t\t\t\t\t<br>\r\n\t\t\t\t\t\t\t\t\t\t<br><a href=\"https:\/\/www.facebook.com\/LemonPlazaHotel\/\" rel=\"nofollow\"><i class=\"fa fa-facebook-official\" aria-hidden=\"true\" style=\"font-size:20px;\"><\/i> <strong> Share us on  FB<\/strong><\/a>\r\n\t\t\t\t<\/div>","_en_post_title":"Contact","edit_language":"en","footnotes":""},"_links":{"self":[{"href":"https:\/\/lemonplaza.pl\/en\/wp-json\/wp\/v2\/pages\/21"}],"collection":[{"href":"https:\/\/lemonplaza.pl\/en\/wp-json\/wp\/v2\/pages"}],"about":[{"href":"https:\/\/lemonplaza.pl\/en\/wp-json\/wp\/v2\/types\/page"}],"author":[{"embeddable":true,"href":"https:\/\/lemonplaza.pl\/en\/wp-json\/wp\/v2\/users\/1"}],"replies":[{"embeddable":true,"href":"https:\/\/lemonplaza.pl\/en\/wp-json\/wp\/v2\/comments?post=21"}],"version-history":[{"count":23,"href":"https:\/\/lemonplaza.pl\/en\/wp-json\/wp\/v2\/pages\/21\/revisions"}],"predecessor-version":[{"id":265,"href":"https:\/\/lemonplaza.pl\/en\/wp-json\/wp\/v2\/pages\/21\/revisions\/265"}],"wp:attachment":[{"href":"https:\/\/lemonplaza.pl\/en\/wp-json\/wp\/v2\/media?parent=21"}],"curies":[{"name":"wp","href":"https:\/\/api.w.org\/{rel}","templated":true}]}}