{"id":31,"date":"2018-09-03T10:48:47","date_gmt":"2018-09-03T10:48:47","guid":{"rendered":"http:\/\/lemonplaza.pl\/?page_id=31"},"modified":"2025-04-04T11:09:09","modified_gmt":"2025-04-04T11:09:09","slug":"pokoje","status":"publish","type":"page","link":"https:\/\/lemonplaza.pl\/en\/pokoje\/","title":{"rendered":"Rooms","raw":"Rooms"},"content":{"rendered":"<h1>Rooms, Lemon Plaza Hotel Pozna\u0144<\/h1>\n<p>For the high comfort of all our guests, we have designed our rooms and arranged them with the utmost care. You can find both single and double rooms in economic and premium standards.<\/p>\n<p>We have prepared for you spacious and cozy rooms, each of them has large windows with external blinds to ensure adequate darkening for all who do not like when the morning sun wakes them up. In addition, each of the rooms is equipped with soundproof doors so that the noises from the corridor do not disturb the rest in any way. The equipment of each room also consists of:<\/p>\n<p>\u2666 top-class beds with pocket mattresses,<br \/>\n\u2666 fast wireless WI-FI,<br \/>\n\u2666 cable TV,<br \/>\n\u2666 refrigerator,<br \/>\n\u2666 fully equipped kitchenette,<br \/>\n\u2666 iron,<br \/>\n\u2666 air conditioning,<br \/>\n\u2666 welcome set for brewing tea or coffee,<br \/>\n\u2666 electric kettle.<\/p>\n<p>In addition, in the bathrooms in each of the rooms, in addition to the standard equipment, there are cosmetics for personal use, a hair dryer and towels.&amp; Nbsp;<\/p>\n<p>In addition, we also offer additional paid:<\/p>\n<p>\u2666 Parking &#8211; <strong>25 PLN \/ day<\/strong><br \/>\n\u2666 Breakfast buffet &#8211; <strong>PLN 40 \/ day<\/strong><br \/>\n\u2666 Animals (one for room) &#8211; <strong>60-80 z\u0142\/day (depending on size)<\/strong><\/p>\n\n\t\t<style type=\"text\/css\">\n\t\t\t#gallery-2 {\n\t\t\t\tmargin: auto;\n\t\t\t}\n\t\t\t#gallery-2 .gallery-item {\n\t\t\t\tfloat: left;\n\t\t\t\tmargin-top: 10px;\n\t\t\t\ttext-align: center;\n\t\t\t\twidth: 33%;\n\t\t\t}\n\t\t\t#gallery-2 img {\n\t\t\t\tborder: 2px solid #cfcfcf;\n\t\t\t}\n\t\t\t#gallery-2 .gallery-caption {\n\t\t\t\tmargin-left: 0;\n\t\t\t}\n\t\t\t\/* see gallery_shortcode() in wp-includes\/media.php *\/\n\t\t<\/style>\n\t\t<div id='gallery-2' class='gallery galleryid-31 gallery-columns-3 gallery-size-medium'><dl class='gallery-item'>\n\t\t\t<dt class='gallery-icon landscape'>\n\t\t\t\t<a href='https:\/\/lemonplaza.pl\/wp-content\/uploads\/2018\/10\/F88A2045.jpg'><img loading=\"lazy\" decoding=\"async\" width=\"300\" height=\"200\" src=\"https:\/\/lemonplaza.pl\/wp-content\/uploads\/2018\/10\/F88A2045-300x200.jpg\" class=\"attachment-medium size-medium\" alt=\"\" srcset=\"https:\/\/lemonplaza.pl\/wp-content\/uploads\/2018\/10\/F88A2045-300x200.jpg 300w, https:\/\/lemonplaza.pl\/wp-content\/uploads\/2018\/10\/F88A2045-768x512.jpg 768w, https:\/\/lemonplaza.pl\/wp-content\/uploads\/2018\/10\/F88A2045-1024x683.jpg 1024w, https:\/\/lemonplaza.pl\/wp-content\/uploads\/2018\/10\/F88A2045.jpg 1042w\" sizes=\"(max-width: 300px) 100vw, 300px\" \/><\/a>\n\t\t\t<\/dt><\/dl><dl class='gallery-item'>\n\t\t\t<dt class='gallery-icon landscape'>\n\t\t\t\t<a href='https:\/\/lemonplaza.pl\/wp-content\/uploads\/2018\/10\/F88A2041.jpg'><img loading=\"lazy\" decoding=\"async\" width=\"300\" height=\"200\" src=\"https:\/\/lemonplaza.pl\/wp-content\/uploads\/2018\/10\/F88A2041-300x200.jpg\" class=\"attachment-medium size-medium\" alt=\"\" srcset=\"https:\/\/lemonplaza.pl\/wp-content\/uploads\/2018\/10\/F88A2041-300x200.jpg 300w, https:\/\/lemonplaza.pl\/wp-content\/uploads\/2018\/10\/F88A2041-768x512.jpg 768w, https:\/\/lemonplaza.pl\/wp-content\/uploads\/2018\/10\/F88A2041-1024x683.jpg 1024w, https:\/\/lemonplaza.pl\/wp-content\/uploads\/2018\/10\/F88A2041.jpg 1042w\" sizes=\"(max-width: 300px) 100vw, 300px\" \/><\/a>\n\t\t\t<\/dt><\/dl><dl class='gallery-item'>\n\t\t\t<dt class='gallery-icon landscape'>\n\t\t\t\t<a href='https:\/\/lemonplaza.pl\/wp-content\/uploads\/2018\/10\/F88A2035.jpg'><img loading=\"lazy\" decoding=\"async\" width=\"300\" height=\"200\" src=\"https:\/\/lemonplaza.pl\/wp-content\/uploads\/2018\/10\/F88A2035-300x200.jpg\" class=\"attachment-medium size-medium\" alt=\"\" srcset=\"https:\/\/lemonplaza.pl\/wp-content\/uploads\/2018\/10\/F88A2035-300x200.jpg 300w, https:\/\/lemonplaza.pl\/wp-content\/uploads\/2018\/10\/F88A2035-768x512.jpg 768w, https:\/\/lemonplaza.pl\/wp-content\/uploads\/2018\/10\/F88A2035-1024x683.jpg 1024w, https:\/\/lemonplaza.pl\/wp-content\/uploads\/2018\/10\/F88A2035.jpg 1042w\" sizes=\"(max-width: 300px) 100vw, 300px\" \/><\/a>\n\t\t\t<\/dt><\/dl><br style=\"clear: both\" \/><dl class='gallery-item'>\n\t\t\t<dt class='gallery-icon landscape'>\n\t\t\t\t<a href='https:\/\/lemonplaza.pl\/wp-content\/uploads\/2018\/10\/F88A2039.jpg'><img loading=\"lazy\" decoding=\"async\" width=\"300\" height=\"200\" src=\"https:\/\/lemonplaza.pl\/wp-content\/uploads\/2018\/10\/F88A2039-300x200.jpg\" class=\"attachment-medium size-medium\" alt=\"\" srcset=\"https:\/\/lemonplaza.pl\/wp-content\/uploads\/2018\/10\/F88A2039-300x200.jpg 300w, https:\/\/lemonplaza.pl\/wp-content\/uploads\/2018\/10\/F88A2039-768x512.jpg 768w, https:\/\/lemonplaza.pl\/wp-content\/uploads\/2018\/10\/F88A2039-1024x683.jpg 1024w, https:\/\/lemonplaza.pl\/wp-content\/uploads\/2018\/10\/F88A2039.jpg 1042w\" sizes=\"(max-width: 300px) 100vw, 300px\" \/><\/a>\n\t\t\t<\/dt><\/dl><dl class='gallery-item'>\n\t\t\t<dt class='gallery-icon landscape'>\n\t\t\t\t<a href='https:\/\/lemonplaza.pl\/wp-content\/uploads\/2018\/10\/F88A2030.jpg'><img loading=\"lazy\" decoding=\"async\" width=\"300\" height=\"200\" src=\"https:\/\/lemonplaza.pl\/wp-content\/uploads\/2018\/10\/F88A2030-300x200.jpg\" class=\"attachment-medium size-medium\" alt=\"\" srcset=\"https:\/\/lemonplaza.pl\/wp-content\/uploads\/2018\/10\/F88A2030-300x200.jpg 300w, https:\/\/lemonplaza.pl\/wp-content\/uploads\/2018\/10\/F88A2030-768x512.jpg 768w, https:\/\/lemonplaza.pl\/wp-content\/uploads\/2018\/10\/F88A2030-1024x683.jpg 1024w, https:\/\/lemonplaza.pl\/wp-content\/uploads\/2018\/10\/F88A2030.jpg 1042w\" sizes=\"(max-width: 300px) 100vw, 300px\" \/><\/a>\n\t\t\t<\/dt><\/dl><dl class='gallery-item'>\n\t\t\t<dt class='gallery-icon landscape'>\n\t\t\t\t<a href='https:\/\/lemonplaza.pl\/wp-content\/uploads\/2018\/10\/F88A2007.jpg'><img loading=\"lazy\" decoding=\"async\" width=\"300\" height=\"200\" src=\"https:\/\/lemonplaza.pl\/wp-content\/uploads\/2018\/10\/F88A2007-300x200.jpg\" class=\"attachment-medium size-medium\" alt=\"\" srcset=\"https:\/\/lemonplaza.pl\/wp-content\/uploads\/2018\/10\/F88A2007-300x200.jpg 300w, https:\/\/lemonplaza.pl\/wp-content\/uploads\/2018\/10\/F88A2007-768x512.jpg 768w, https:\/\/lemonplaza.pl\/wp-content\/uploads\/2018\/10\/F88A2007-1024x683.jpg 1024w, https:\/\/lemonplaza.pl\/wp-content\/uploads\/2018\/10\/F88A2007.jpg 1042w\" sizes=\"(max-width: 300px) 100vw, 300px\" \/><\/a>\n\t\t\t<\/dt><\/dl><br style=\"clear: both\" \/><dl class='gallery-item'>\n\t\t\t<dt class='gallery-icon landscape'>\n\t\t\t\t<a href='https:\/\/lemonplaza.pl\/wp-content\/uploads\/2018\/10\/F88A2026.jpg'><img loading=\"lazy\" decoding=\"async\" width=\"300\" height=\"200\" src=\"https:\/\/lemonplaza.pl\/wp-content\/uploads\/2018\/10\/F88A2026-300x200.jpg\" class=\"attachment-medium size-medium\" alt=\"\" srcset=\"https:\/\/lemonplaza.pl\/wp-content\/uploads\/2018\/10\/F88A2026-300x200.jpg 300w, https:\/\/lemonplaza.pl\/wp-content\/uploads\/2018\/10\/F88A2026-768x512.jpg 768w, https:\/\/lemonplaza.pl\/wp-content\/uploads\/2018\/10\/F88A2026-1024x683.jpg 1024w, https:\/\/lemonplaza.pl\/wp-content\/uploads\/2018\/10\/F88A2026.jpg 1042w\" sizes=\"(max-width: 300px) 100vw, 300px\" \/><\/a>\n\t\t\t<\/dt><\/dl><dl class='gallery-item'>\n\t\t\t<dt class='gallery-icon landscape'>\n\t\t\t\t<a href='https:\/\/lemonplaza.pl\/wp-content\/uploads\/2018\/10\/F88A2187.jpg'><img loading=\"lazy\" decoding=\"async\" width=\"300\" height=\"200\" src=\"https:\/\/lemonplaza.pl\/wp-content\/uploads\/2018\/10\/F88A2187-300x200.jpg\" class=\"attachment-medium size-medium\" alt=\"\" srcset=\"https:\/\/lemonplaza.pl\/wp-content\/uploads\/2018\/10\/F88A2187-300x200.jpg 300w, https:\/\/lemonplaza.pl\/wp-content\/uploads\/2018\/10\/F88A2187-768x512.jpg 768w, https:\/\/lemonplaza.pl\/wp-content\/uploads\/2018\/10\/F88A2187-1024x683.jpg 1024w, https:\/\/lemonplaza.pl\/wp-content\/uploads\/2018\/10\/F88A2187.jpg 1042w\" sizes=\"(max-width: 300px) 100vw, 300px\" \/><\/a>\n\t\t\t<\/dt><\/dl><dl class='gallery-item'>\n\t\t\t<dt class='gallery-icon landscape'>\n\t\t\t\t<a href='https:\/\/lemonplaza.pl\/wp-content\/uploads\/2018\/10\/F88A2171.jpg'><img loading=\"lazy\" decoding=\"async\" width=\"300\" height=\"200\" src=\"https:\/\/lemonplaza.pl\/wp-content\/uploads\/2018\/10\/F88A2171-300x200.jpg\" class=\"attachment-medium size-medium\" alt=\"\" srcset=\"https:\/\/lemonplaza.pl\/wp-content\/uploads\/2018\/10\/F88A2171-300x200.jpg 300w, https:\/\/lemonplaza.pl\/wp-content\/uploads\/2018\/10\/F88A2171-768x512.jpg 768w, https:\/\/lemonplaza.pl\/wp-content\/uploads\/2018\/10\/F88A2171-1024x683.jpg 1024w, https:\/\/lemonplaza.pl\/wp-content\/uploads\/2018\/10\/F88A2171.jpg 1042w\" sizes=\"(max-width: 300px) 100vw, 300px\" \/><\/a>\n\t\t\t<\/dt><\/dl><br style=\"clear: both\" \/><dl class='gallery-item'>\n\t\t\t<dt class='gallery-icon landscape'>\n\t\t\t\t<a href='https:\/\/lemonplaza.pl\/wp-content\/uploads\/2018\/10\/F88A2184.jpg'><img loading=\"lazy\" decoding=\"async\" width=\"300\" height=\"200\" src=\"https:\/\/lemonplaza.pl\/wp-content\/uploads\/2018\/10\/F88A2184-300x200.jpg\" class=\"attachment-medium size-medium\" alt=\"\" srcset=\"https:\/\/lemonplaza.pl\/wp-content\/uploads\/2018\/10\/F88A2184-300x200.jpg 300w, https:\/\/lemonplaza.pl\/wp-content\/uploads\/2018\/10\/F88A2184-768x512.jpg 768w, https:\/\/lemonplaza.pl\/wp-content\/uploads\/2018\/10\/F88A2184-1024x683.jpg 1024w, https:\/\/lemonplaza.pl\/wp-content\/uploads\/2018\/10\/F88A2184.jpg 1042w\" sizes=\"(max-width: 300px) 100vw, 300px\" \/><\/a>\n\t\t\t<\/dt><\/dl><dl class='gallery-item'>\n\t\t\t<dt class='gallery-icon landscape'>\n\t\t\t\t<a href='https:\/\/lemonplaza.pl\/wp-content\/uploads\/2018\/10\/F88A2133.jpg'><img loading=\"lazy\" decoding=\"async\" width=\"300\" height=\"200\" src=\"https:\/\/lemonplaza.pl\/wp-content\/uploads\/2018\/10\/F88A2133-300x200.jpg\" class=\"attachment-medium size-medium\" alt=\"\" srcset=\"https:\/\/lemonplaza.pl\/wp-content\/uploads\/2018\/10\/F88A2133-300x200.jpg 300w, https:\/\/lemonplaza.pl\/wp-content\/uploads\/2018\/10\/F88A2133-768x512.jpg 768w, https:\/\/lemonplaza.pl\/wp-content\/uploads\/2018\/10\/F88A2133-1024x683.jpg 1024w, https:\/\/lemonplaza.pl\/wp-content\/uploads\/2018\/10\/F88A2133.jpg 1042w\" sizes=\"(max-width: 300px) 100vw, 300px\" \/><\/a>\n\t\t\t<\/dt><\/dl><dl class='gallery-item'>\n\t\t\t<dt class='gallery-icon landscape'>\n\t\t\t\t<a href='https:\/\/lemonplaza.pl\/wp-content\/uploads\/2018\/10\/F88A2140.jpg'><img loading=\"lazy\" decoding=\"async\" width=\"300\" height=\"200\" src=\"https:\/\/lemonplaza.pl\/wp-content\/uploads\/2018\/10\/F88A2140-300x200.jpg\" class=\"attachment-medium size-medium\" alt=\"\" srcset=\"https:\/\/lemonplaza.pl\/wp-content\/uploads\/2018\/10\/F88A2140-300x200.jpg 300w, https:\/\/lemonplaza.pl\/wp-content\/uploads\/2018\/10\/F88A2140-768x512.jpg 768w, https:\/\/lemonplaza.pl\/wp-content\/uploads\/2018\/10\/F88A2140-1024x683.jpg 1024w, https:\/\/lemonplaza.pl\/wp-content\/uploads\/2018\/10\/F88A2140.jpg 1042w\" sizes=\"(max-width: 300px) 100vw, 300px\" \/><\/a>\n\t\t\t<\/dt><\/dl><br style=\"clear: both\" \/><dl class='gallery-item'>\n\t\t\t<dt class='gallery-icon landscape'>\n\t\t\t\t<a href='https:\/\/lemonplaza.pl\/wp-content\/uploads\/2018\/10\/F88A2125.jpg'><img loading=\"lazy\" decoding=\"async\" width=\"300\" height=\"200\" src=\"https:\/\/lemonplaza.pl\/wp-content\/uploads\/2018\/10\/F88A2125-300x200.jpg\" class=\"attachment-medium size-medium\" alt=\"\" srcset=\"https:\/\/lemonplaza.pl\/wp-content\/uploads\/2018\/10\/F88A2125-300x200.jpg 300w, https:\/\/lemonplaza.pl\/wp-content\/uploads\/2018\/10\/F88A2125-768x512.jpg 768w, https:\/\/lemonplaza.pl\/wp-content\/uploads\/2018\/10\/F88A2125-1024x683.jpg 1024w, https:\/\/lemonplaza.pl\/wp-content\/uploads\/2018\/10\/F88A2125.jpg 1042w\" sizes=\"(max-width: 300px) 100vw, 300px\" \/><\/a>\n\t\t\t<\/dt><\/dl><dl class='gallery-item'>\n\t\t\t<dt class='gallery-icon landscape'>\n\t\t\t\t<a href='https:\/\/lemonplaza.pl\/wp-content\/uploads\/2018\/10\/F88A2127.jpg'><img loading=\"lazy\" decoding=\"async\" width=\"300\" height=\"200\" src=\"https:\/\/lemonplaza.pl\/wp-content\/uploads\/2018\/10\/F88A2127-300x200.jpg\" class=\"attachment-medium size-medium\" alt=\"\" srcset=\"https:\/\/lemonplaza.pl\/wp-content\/uploads\/2018\/10\/F88A2127-300x200.jpg 300w, https:\/\/lemonplaza.pl\/wp-content\/uploads\/2018\/10\/F88A2127-768x512.jpg 768w, https:\/\/lemonplaza.pl\/wp-content\/uploads\/2018\/10\/F88A2127-1024x683.jpg 1024w, https:\/\/lemonplaza.pl\/wp-content\/uploads\/2018\/10\/F88A2127.jpg 1042w\" sizes=\"(max-width: 300px) 100vw, 300px\" \/><\/a>\n\t\t\t<\/dt><\/dl><dl class='gallery-item'>\n\t\t\t<dt class='gallery-icon landscape'>\n\t\t\t\t<a href='https:\/\/lemonplaza.pl\/wp-content\/uploads\/2018\/10\/F88A2123.jpg'><img loading=\"lazy\" decoding=\"async\" width=\"300\" height=\"200\" src=\"https:\/\/lemonplaza.pl\/wp-content\/uploads\/2018\/10\/F88A2123-300x200.jpg\" class=\"attachment-medium size-medium\" alt=\"\" srcset=\"https:\/\/lemonplaza.pl\/wp-content\/uploads\/2018\/10\/F88A2123-300x200.jpg 300w, https:\/\/lemonplaza.pl\/wp-content\/uploads\/2018\/10\/F88A2123-768x512.jpg 768w, https:\/\/lemonplaza.pl\/wp-content\/uploads\/2018\/10\/F88A2123-1024x683.jpg 1024w, https:\/\/lemonplaza.pl\/wp-content\/uploads\/2018\/10\/F88A2123.jpg 1042w\" sizes=\"(max-width: 300px) 100vw, 300px\" \/><\/a>\n\t\t\t<\/dt><\/dl><br style=\"clear: both\" \/><dl class='gallery-item'>\n\t\t\t<dt class='gallery-icon landscape'>\n\t\t\t\t<a href='https:\/\/lemonplaza.pl\/wp-content\/uploads\/2018\/10\/F88A2115.jpg'><img loading=\"lazy\" decoding=\"async\" width=\"300\" height=\"200\" src=\"https:\/\/lemonplaza.pl\/wp-content\/uploads\/2018\/10\/F88A2115-300x200.jpg\" class=\"attachment-medium size-medium\" alt=\"\" srcset=\"https:\/\/lemonplaza.pl\/wp-content\/uploads\/2018\/10\/F88A2115-300x200.jpg 300w, https:\/\/lemonplaza.pl\/wp-content\/uploads\/2018\/10\/F88A2115-768x512.jpg 768w, https:\/\/lemonplaza.pl\/wp-content\/uploads\/2018\/10\/F88A2115-1024x683.jpg 1024w, https:\/\/lemonplaza.pl\/wp-content\/uploads\/2018\/10\/F88A2115.jpg 1042w\" sizes=\"(max-width: 300px) 100vw, 300px\" \/><\/a>\n\t\t\t<\/dt><\/dl><dl class='gallery-item'>\n\t\t\t<dt class='gallery-icon landscape'>\n\t\t\t\t<a href='https:\/\/lemonplaza.pl\/wp-content\/uploads\/2018\/10\/F88A2095.jpg'><img loading=\"lazy\" decoding=\"async\" width=\"300\" height=\"200\" src=\"https:\/\/lemonplaza.pl\/wp-content\/uploads\/2018\/10\/F88A2095-300x200.jpg\" class=\"attachment-medium size-medium\" alt=\"\" srcset=\"https:\/\/lemonplaza.pl\/wp-content\/uploads\/2018\/10\/F88A2095-300x200.jpg 300w, https:\/\/lemonplaza.pl\/wp-content\/uploads\/2018\/10\/F88A2095-768x512.jpg 768w, https:\/\/lemonplaza.pl\/wp-content\/uploads\/2018\/10\/F88A2095-1024x683.jpg 1024w, https:\/\/lemonplaza.pl\/wp-content\/uploads\/2018\/10\/F88A2095.jpg 1042w\" sizes=\"(max-width: 300px) 100vw, 300px\" \/><\/a>\n\t\t\t<\/dt><\/dl><dl class='gallery-item'>\n\t\t\t<dt class='gallery-icon landscape'>\n\t\t\t\t<a href='https:\/\/lemonplaza.pl\/wp-content\/uploads\/2018\/10\/F88A2072.jpg'><img loading=\"lazy\" decoding=\"async\" width=\"300\" height=\"200\" src=\"https:\/\/lemonplaza.pl\/wp-content\/uploads\/2018\/10\/F88A2072-300x200.jpg\" class=\"attachment-medium size-medium\" alt=\"\" srcset=\"https:\/\/lemonplaza.pl\/wp-content\/uploads\/2018\/10\/F88A2072-300x200.jpg 300w, https:\/\/lemonplaza.pl\/wp-content\/uploads\/2018\/10\/F88A2072-768x512.jpg 768w, https:\/\/lemonplaza.pl\/wp-content\/uploads\/2018\/10\/F88A2072-1024x683.jpg 1024w, https:\/\/lemonplaza.pl\/wp-content\/uploads\/2018\/10\/F88A2072.jpg 1042w\" sizes=\"(max-width: 300px) 100vw, 300px\" \/><\/a>\n\t\t\t<\/dt><\/dl><br style=\"clear: both\" \/><dl class='gallery-item'>\n\t\t\t<dt class='gallery-icon landscape'>\n\t\t\t\t<a href='https:\/\/lemonplaza.pl\/wp-content\/uploads\/2018\/10\/F88A2070.jpg'><img loading=\"lazy\" decoding=\"async\" width=\"300\" height=\"200\" src=\"https:\/\/lemonplaza.pl\/wp-content\/uploads\/2018\/10\/F88A2070-300x200.jpg\" class=\"attachment-medium size-medium\" alt=\"\" srcset=\"https:\/\/lemonplaza.pl\/wp-content\/uploads\/2018\/10\/F88A2070-300x200.jpg 300w, https:\/\/lemonplaza.pl\/wp-content\/uploads\/2018\/10\/F88A2070-768x512.jpg 768w, https:\/\/lemonplaza.pl\/wp-content\/uploads\/2018\/10\/F88A2070-1024x683.jpg 1024w, https:\/\/lemonplaza.pl\/wp-content\/uploads\/2018\/10\/F88A2070.jpg 1042w\" sizes=\"(max-width: 300px) 100vw, 300px\" \/><\/a>\n\t\t\t<\/dt><\/dl><dl class='gallery-item'>\n\t\t\t<dt class='gallery-icon landscape'>\n\t\t\t\t<a href='https:\/\/lemonplaza.pl\/wp-content\/uploads\/2018\/10\/F88A2145.jpg'><img loading=\"lazy\" decoding=\"async\" width=\"300\" height=\"200\" src=\"https:\/\/lemonplaza.pl\/wp-content\/uploads\/2018\/10\/F88A2145-300x200.jpg\" class=\"attachment-medium size-medium\" alt=\"\" srcset=\"https:\/\/lemonplaza.pl\/wp-content\/uploads\/2018\/10\/F88A2145-300x200.jpg 300w, https:\/\/lemonplaza.pl\/wp-content\/uploads\/2018\/10\/F88A2145-768x512.jpg 768w, https:\/\/lemonplaza.pl\/wp-content\/uploads\/2018\/10\/F88A2145-1024x683.jpg 1024w, https:\/\/lemonplaza.pl\/wp-content\/uploads\/2018\/10\/F88A2145.jpg 1042w\" sizes=\"(max-width: 300px) 100vw, 300px\" \/><\/a>\n\t\t\t<\/dt><\/dl><dl class='gallery-item'>\n\t\t\t<dt class='gallery-icon landscape'>\n\t\t\t\t<a href='https:\/\/lemonplaza.pl\/wp-content\/uploads\/2018\/10\/F88A2147.jpg'><img loading=\"lazy\" decoding=\"async\" width=\"300\" height=\"200\" src=\"https:\/\/lemonplaza.pl\/wp-content\/uploads\/2018\/10\/F88A2147-300x200.jpg\" class=\"attachment-medium size-medium\" alt=\"\" srcset=\"https:\/\/lemonplaza.pl\/wp-content\/uploads\/2018\/10\/F88A2147-300x200.jpg 300w, https:\/\/lemonplaza.pl\/wp-content\/uploads\/2018\/10\/F88A2147-768x512.jpg 768w, https:\/\/lemonplaza.pl\/wp-content\/uploads\/2018\/10\/F88A2147-1024x683.jpg 1024w, https:\/\/lemonplaza.pl\/wp-content\/uploads\/2018\/10\/F88A2147.jpg 1042w\" sizes=\"(max-width: 300px) 100vw, 300px\" \/><\/a>\n\t\t\t<\/dt><\/dl><br style=\"clear: both\" \/><dl class='gallery-item'>\n\t\t\t<dt class='gallery-icon landscape'>\n\t\t\t\t<a href='https:\/\/lemonplaza.pl\/wp-content\/uploads\/2018\/10\/F88A1960.jpg'><img loading=\"lazy\" decoding=\"async\" width=\"300\" height=\"200\" src=\"https:\/\/lemonplaza.pl\/wp-content\/uploads\/2018\/10\/F88A1960-300x200.jpg\" class=\"attachment-medium size-medium\" alt=\"\" srcset=\"https:\/\/lemonplaza.pl\/wp-content\/uploads\/2018\/10\/F88A1960-300x200.jpg 300w, https:\/\/lemonplaza.pl\/wp-content\/uploads\/2018\/10\/F88A1960-768x512.jpg 768w, https:\/\/lemonplaza.pl\/wp-content\/uploads\/2018\/10\/F88A1960-1024x683.jpg 1024w, https:\/\/lemonplaza.pl\/wp-content\/uploads\/2018\/10\/F88A1960.jpg 1042w\" sizes=\"(max-width: 300px) 100vw, 300px\" \/><\/a>\n\t\t\t<\/dt><\/dl><dl class='gallery-item'>\n\t\t\t<dt class='gallery-icon landscape'>\n\t\t\t\t<a href='https:\/\/lemonplaza.pl\/wp-content\/uploads\/2018\/10\/F88A1932.jpg'><img loading=\"lazy\" decoding=\"async\" width=\"300\" height=\"200\" src=\"https:\/\/lemonplaza.pl\/wp-content\/uploads\/2018\/10\/F88A1932-300x200.jpg\" class=\"attachment-medium size-medium\" alt=\"\" srcset=\"https:\/\/lemonplaza.pl\/wp-content\/uploads\/2018\/10\/F88A1932-300x200.jpg 300w, https:\/\/lemonplaza.pl\/wp-content\/uploads\/2018\/10\/F88A1932-768x512.jpg 768w, https:\/\/lemonplaza.pl\/wp-content\/uploads\/2018\/10\/F88A1932-1024x683.jpg 1024w, https:\/\/lemonplaza.pl\/wp-content\/uploads\/2018\/10\/F88A1932.jpg 1042w\" sizes=\"(max-width: 300px) 100vw, 300px\" \/><\/a>\n\t\t\t<\/dt><\/dl><dl class='gallery-item'>\n\t\t\t<dt class='gallery-icon landscape'>\n\t\t\t\t<a href='https:\/\/lemonplaza.pl\/wp-content\/uploads\/2018\/10\/F88A1984.jpg'><img loading=\"lazy\" decoding=\"async\" width=\"300\" height=\"200\" src=\"https:\/\/lemonplaza.pl\/wp-content\/uploads\/2018\/10\/F88A1984-300x200.jpg\" class=\"attachment-medium size-medium\" alt=\"\" srcset=\"https:\/\/lemonplaza.pl\/wp-content\/uploads\/2018\/10\/F88A1984-300x200.jpg 300w, https:\/\/lemonplaza.pl\/wp-content\/uploads\/2018\/10\/F88A1984-768x512.jpg 768w, https:\/\/lemonplaza.pl\/wp-content\/uploads\/2018\/10\/F88A1984-1024x683.jpg 1024w, https:\/\/lemonplaza.pl\/wp-content\/uploads\/2018\/10\/F88A1984.jpg 1042w\" sizes=\"(max-width: 300px) 100vw, 300px\" \/><\/a>\n\t\t\t<\/dt><\/dl><br style=\"clear: both\" \/>\n\t\t<\/div>\n\n","protected":false,"raw":"<h1>Rooms, Lemon Plaza Hotel Pozna\u0144<\/h1>\nFor the high comfort of all our guests, we have designed our rooms and arranged them with the utmost care. You can find both single and double rooms in economic and premium standards.\n\nWe have prepared for you spacious and cozy rooms, each of them has large windows with external blinds to ensure adequate darkening for all who do not like when the morning sun wakes them up. In addition, each of the rooms is equipped with soundproof doors so that the noises from the corridor do not disturb the rest in any way. The equipment of each room also consists of:\n\n\u2666 top-class beds with pocket mattresses,\n\u2666 fast wireless WI-FI,\n\u2666 cable TV,\n\u2666 refrigerator,\n\u2666 fully equipped kitchenette,\n\u2666 iron,\n\u2666 air conditioning,\n\u2666 welcome set for brewing tea or coffee,\n\u2666 electric kettle.\n\nIn addition, in the bathrooms in each of the rooms, in addition to the standard equipment, there are cosmetics for personal use, a hair dryer and towels.&amp; Nbsp;\n\nIn addition, we also offer additional paid:\n\n\u2666 Parking - <strong>25 PLN \/ day<\/strong>\n\u2666 Breakfast buffet - <strong>PLN 40 \/ day<\/strong>\n\u2666 Animals (one for room) - <strong>60-80 z\u0142\/day (depending on size)<\/strong>\n\n[gallery link=\"file\" size=\"medium\" ids=\"188,187,185,186,184,181,182,158,156,157,151,152,149,150,148,147,146,145,144,153,154,173,167,179\"]"},"excerpt":{"rendered":"","protected":false,"raw":""},"author":1,"featured_media":0,"parent":0,"menu_order":0,"comment_status":"closed","ping_status":"closed","template":"","meta":{"_pl_post_content":"<h1>Pokoje, Lemon Plaza Hotel Pozna\u0144<\/h1>\nDla wysokiego komfortu wszystkich odwiedzaj\u0105cych nas Go\u015bci, nasze pokoje zaprojektowali\u015bmy, i urz\u0105dzili\u015bmy z najwy\u017csz\u0105 staranno\u015bci\u0105. Znajdziecie u nas zar\u00f3wno pokoje jednoosobowe, jak i dwuosobowe w opcjach standard oraz superior.\n\nPrzygotowali\u015bmy dla Was przestronne i przytulne pokoje, ka\u017cdy z nich posiada du\u017ce okna z zewn\u0119trznymi roletami dla zapewnienia odpowiedniego zaciemnienia wszystkim, kt\u00f3rzy nie lubi\u0105, gdy budzi ich poranne s\u0142o\u0144ce. Dodatkowo ka\u017cdy z pokoi wyposa\u017cony w d\u017awi\u0119koszczelne drzwi, aby ha\u0142asy dochodz\u0105ce z korytarza w \u017caden spos\u00f3b nie zak\u0142\u00f3ca\u0142y wypoczynku. Na wyposa\u017cenie ka\u017cdego z pokoi sk\u0142adaj\u0105 si\u0119 r\u00f3wnie\u017c:\n<ul>\n \t<li>najwy\u017cszej klasy \u0142\u00f3\u017cka z materacami kieszeniowymi,<\/li>\n \t<li>szybki, bezprzewodowy internet WI-FI,<\/li>\n \t<li>telewizja kablowa<\/li>\n \t<li>lod\u00f3wka<\/li>\n \t<li>w pe\u0142ni wyposa\u017cony aneks kuchenny<\/li>\n \t<li>\u017celazko<\/li>\n \t<li>klimatyzacja<\/li>\n \t<li>zestaw powitalny do parzenia herbaty lub kawy<\/li>\n \t<li>czajnik elektryczny<\/li>\n<\/ul>\nDodatkowo, w \u0142azienkach w ka\u017cdym z pokoi, poza standardowym wyposa\u017ceniem, znajduj\u0105 si\u0119 kosmetyki do u\u017cytku w\u0142asnego, suszarka do w\u0142os\u00f3w oraz r\u0119czniki.\n\nOferujemy r\u00f3wnie\u017c dodatkowo p\u0142atne:\n<ul>\n \t<li>Parking - <strong>25 z\u0142\/doba<\/strong><\/li>\n \t<li>\u015aniadania w formie talerzowej - <strong>40 z\u0142\/doba<\/strong><\/li>\n \t<li>Jedno zwierz\u0119 na pok\u00f3j - <strong>60-80 z\u0142\/dob\u0119 (w zale\u017cno\u015bci od wielko\u015bci)<\/strong><\/li>\n<\/ul>\n[gallery link=\"file\" size=\"medium\" ids=\"188,187,185,186,184,181,182,158,156,157,151,146,152,149,150,148,147,145,144,153,154,173,167,179\"]","_pl_post_name":"pokoje","_pl_post_excerpt":"","_pl_post_title":"Pokoje","_en_post_content":"<h1>Rooms, Lemon Plaza Hotel Pozna\u0144<\/h1>\nFor the high comfort of all our guests, we have designed our rooms and arranged them with the utmost care. You can find both single and double rooms in economic and premium standards.\n\nWe have prepared for you spacious and cozy rooms, each of them has large windows with external blinds to ensure adequate darkening for all who do not like when the morning sun wakes them up. In addition, each of the rooms is equipped with soundproof doors so that the noises from the corridor do not disturb the rest in any way. The equipment of each room also consists of:\n\n\u2666 top-class beds with pocket mattresses,\n\u2666 fast wireless WI-FI,\n\u2666 cable TV,\n\u2666 refrigerator,\n\u2666 fully equipped kitchenette,\n\u2666 iron,\n\u2666 air conditioning,\n\u2666 welcome set for brewing tea or coffee,\n\u2666 electric kettle.\n\nIn addition, in the bathrooms in each of the rooms, in addition to the standard equipment, there are cosmetics for personal use, a hair dryer and towels.&amp; Nbsp;\n\nIn addition, we also offer additional paid:\n\n\u2666 Parking - <strong>25 PLN \/ day<\/strong>\n\u2666 Breakfast buffet - <strong>PLN 40 \/ day<\/strong>\n\u2666 Animals (one for room) - <strong>60-80 z\u0142\/day (depending on size)<\/strong>\n\n[gallery link=\"file\" size=\"medium\" ids=\"188,187,185,186,184,181,182,158,156,157,151,152,149,150,148,147,146,145,144,153,154,173,167,179\"]","_en_post_name":"pokoje","_en_post_excerpt":"","_en_post_title":"Rooms","edit_language":"en","footnotes":""},"_links":{"self":[{"href":"https:\/\/lemonplaza.pl\/en\/wp-json\/wp\/v2\/pages\/31"}],"collection":[{"href":"https:\/\/lemonplaza.pl\/en\/wp-json\/wp\/v2\/pages"}],"about":[{"href":"https:\/\/lemonplaza.pl\/en\/wp-json\/wp\/v2\/types\/page"}],"author":[{"embeddable":true,"href":"https:\/\/lemonplaza.pl\/en\/wp-json\/wp\/v2\/users\/1"}],"replies":[{"embeddable":true,"href":"https:\/\/lemonplaza.pl\/en\/wp-json\/wp\/v2\/comments?post=31"}],"version-history":[{"count":24,"href":"https:\/\/lemonplaza.pl\/en\/wp-json\/wp\/v2\/pages\/31\/revisions"}],"predecessor-version":[{"id":385,"href":"https:\/\/lemonplaza.pl\/en\/wp-json\/wp\/v2\/pages\/31\/revisions\/385"}],"wp:attachment":[{"href":"https:\/\/lemonplaza.pl\/en\/wp-json\/wp\/v2\/media?parent=31"}],"curies":[{"name":"wp","href":"https:\/\/api.w.org\/{rel}","templated":true}]}}